{"id":232,"date":"2022-11-03T07:30:15","date_gmt":"2022-11-03T07:30:15","guid":{"rendered":"https:\/\/www.colomerarbulo.com\/politica-de-privacitat\/"},"modified":"2025-03-11T08:19:54","modified_gmt":"2025-03-11T08:19:54","slug":"politica-de-privacidad","status":"publish","type":"page","link":"https:\/\/www.colomerarbulo.com\/es\/politica-de-privacidad\/","title":{"rendered":"Pol\u00edtica de Privacidad"},"content":{"rendered":"[vc_row type=\u00bbin_container\u00bb full_screen_row_position=\u00bbmiddle\u00bb column_margin=\u00bbdefault\u00bb column_direction=\u00bbdefault\u00bb column_direction_tablet=\u00bbdefault\u00bb column_direction_phone=\u00bbdefault\u00bb scene_position=\u00bbcenter\u00bb text_color=\u00bbdark\u00bb text_align=\u00bbleft\u00bb row_border_radius=\u00bbnone\u00bb row_border_radius_applies=\u00bbbg\u00bb overflow=\u00bbvisible\u00bb overlay_strength=\u00bb0.3&#8243; gradient_direction=\u00bbleft_to_right\u00bb shape_divider_position=\u00bbbottom\u00bb bg_image_animation=\u00bbnone\u00bb][vc_column column_padding=\u00bbno-extra-padding\u00bb column_padding_tablet=\u00bbinherit\u00bb column_padding_phone=\u00bbinherit\u00bb column_padding_position=\u00bball\u00bb column_element_direction_desktop=\u00bbdefault\u00bb column_element_spacing=\u00bbdefault\u00bb desktop_text_alignment=\u00bbdefault\u00bb tablet_text_alignment=\u00bbdefault\u00bb phone_text_alignment=\u00bbdefault\u00bb background_color_opacity=\u00bb1&#8243; background_hover_color_opacity=\u00bb1&#8243; column_backdrop_filter=\u00bbnone\u00bb column_shadow=\u00bbnone\u00bb column_border_radius=\u00bbnone\u00bb column_link_target=\u00bb_self\u00bb column_position=\u00bbdefault\u00bb gradient_direction=\u00bbleft_to_right\u00bb overlay_strength=\u00bb0.3&#8243; width=\u00bb1\/1&#8243; tablet_width_inherit=\u00bbdefault\u00bb animation_type=\u00bbdefault\u00bb bg_image_animation=\u00bbnone\u00bb border_type=\u00bbsimple\u00bb column_border_width=\u00bbnone\u00bb column_border_style=\u00bbsolid\u00bb][vc_column_text text_direction=\u00bbdefault\u00bb]\n<h1><strong>Pol\u00edtica de Privacidad<\/strong><\/h1>\n<p><strong>Responsable del tratamiento de los datos<\/strong><br \/>\nEn cumplimiento del Reglamento (UE) 2016\/679 del Parlamento Europeo y del Consejo, de 27 de abril de 2016, relativo a la protecci\u00f3n de las personas f\u00edsicas en lo que respecta al tratamiento de datos personales y a la libre circulaci\u00f3n de estos datos (RGPD), as\u00ed como de la normativa nacional vigente, informamos que el responsable del tratamiento de los datos recogidos a trav\u00e9s de este sitio web es la entidad titular del mismo.<\/p>\n<p><strong>Finalidades del tratamiento<\/strong><br \/>\nLos datos personales facilitados por los usuarios a trav\u00e9s de los formularios del sitio web u otros medios ser\u00e1n tratados con las siguientes finalidades:<\/p>\n<ul>\n<li>Responder las solicitudes de informaci\u00f3n y gestionar las consultas.<\/li>\n<li>Ofrecer y gestionar los servicios solicitados por los usuarios.<\/li>\n<li>Enviar comunicaciones comerciales relacionadas con los servicios o productos, siempre que se haya obtenido el consentimiento previo.<\/li>\n<li>Cumplir con las obligaciones legales que sean aplicables.<\/li>\n<\/ul>\n<p><strong>Legitimaci\u00f3n<\/strong><br \/>\nEl tratamiento de los datos personales se basa en el consentimiento expreso del usuario, la necesidad para ejecutar un contrato o el inter\u00e9s leg\u00edtimo del responsable, seg\u00fan corresponda en cada caso.<\/p>\n<p><strong>Conservaci\u00f3n de los datos<\/strong><br \/>\nLos datos personales se conservar\u00e1n mientras sean necesarios para las finalidades descritas anteriormente y durante el plazo requerido para cumplir con las obligaciones legales aplicables. Cuando ya no sean necesarios, los datos ser\u00e1n eliminados de manera segura.<\/p>\n<p><strong>Destinatarios de los datos<\/strong><br \/>\nLos datos personales no ser\u00e1n cedidos a terceros, excepto en los casos en que sea necesario para cumplir con una obligaci\u00f3n legal o cuando sea imprescindible para ofrecer el servicio solicitado.<\/p>\n<p><strong>Derechos de los usuarios<\/strong><br \/>\nLos usuarios tienen derecho a:<\/p>\n<ul>\n<li>Acceder a sus datos personales para saber cu\u00e1les est\u00e1n siendo tratados.<\/li>\n<li>Solicitar la rectificaci\u00f3n de datos inexactos.<\/li>\n<li>Pedir la supresi\u00f3n de sus datos cuando ya no sean necesarios para las finalidades para las que fueron recogidos.<\/li>\n<li>Limitar el tratamiento de los datos en determinadas circunstancias.<\/li>\n<li>Solicitar la portabilidad de los datos, cuando sea aplicable.<\/li>\n<li>Oponerse al tratamiento de sus datos por motivos relacionados con su situaci\u00f3n particular, en determinados casos.<\/li>\n<\/ul>\n<p>Para ejercer estos derechos, los usuarios pueden dirigirse al responsable del tratamiento mediante correo electr\u00f3nico a la direcci\u00f3n indicada en el sitio web, especificando el derecho que desean ejercer y adjuntando una copia de su documento de identidad.<br \/>\n<strong>Medidas de seguridad<\/strong><br \/>\nEl responsable del tratamiento aplica las medidas t\u00e9cnicas y organizativas adecuadas para garantizar la seguridad de los datos personales y evitar su acceso no autorizado, p\u00e9rdida o tratamiento il\u00edcito.<\/p>\n<p><strong>Cambios en la pol\u00edtica de privacidad<\/strong><br \/>\nEsta pol\u00edtica de privacidad puede ser actualizada en cualquier momento para adaptarse a cambios normativos o mejoras en la gesti\u00f3n de los datos personales. Se recomienda a los usuarios revisarla peri\u00f3dicamente.[\/vc_column_text][\/vc_column][\/vc_row]\n","protected":false},"excerpt":{"rendered":"<p>[vc_row type=\u00bbin_container\u00bb full_screen_row_position=\u00bbmiddle\u00bb column_margin=\u00bbdefault\u00bb column_direction=\u00bbdefault\u00bb column_direction_tablet=\u00bbdefault\u00bb column_direction_phone=\u00bbdefault\u00bb scene_position=\u00bbcenter\u00bb text_color=\u00bbdark\u00bb text_align=\u00bbleft\u00bb row_border_radius=\u00bbnone\u00bb row_border_radius_applies=\u00bbbg\u00bb overflow=\u00bbvisible\u00bb overlay_strength=\u00bb0.3&#8243; gradient_direction=\u00bbleft_to_right\u00bb shape_divider_position=\u00bbbottom\u00bb bg_image_animation=\u00bbnone\u00bb][vc_column column_padding=\u00bbno-extra-padding\u00bb column_padding_tablet=\u00bbinherit\u00bb column_padding_phone=\u00bbinherit\u00bb column_padding_position=\u00bball\u00bb column_element_direction_desktop=\u00bbdefault\u00bb column_element_spacing=\u00bbdefault\u00bb desktop_text_alignment=\u00bbdefault\u00bb tablet_text_alignment=\u00bbdefault\u00bb phone_text_alignment=\u00bbdefault\u00bb background_color_opacity=\u00bb1&#8243; background_hover_color_opacity=\u00bb1&#8243; column_backdrop_filter=\u00bbnone\u00bb column_shadow=\u00bbnone\u00bb&#8230;<\/p>\n","protected":false},"author":2,"featured_media":0,"parent":0,"menu_order":0,"comment_status":"closed","ping_status":"open","template":"","meta":{"inline_featured_image":false,"footnotes":""},"class_list":["post-232","page","type-page","status-publish"],"_links":{"self":[{"href":"https:\/\/www.colomerarbulo.com\/es\/wp-json\/wp\/v2\/pages\/232","targetHints":{"allow":["GET"]}}],"collection":[{"href":"https:\/\/www.colomerarbulo.com\/es\/wp-json\/wp\/v2\/pages"}],"about":[{"href":"https:\/\/www.colomerarbulo.com\/es\/wp-json\/wp\/v2\/types\/page"}],"author":[{"embeddable":true,"href":"https:\/\/www.colomerarbulo.com\/es\/wp-json\/wp\/v2\/users\/2"}],"replies":[{"embeddable":true,"href":"https:\/\/www.colomerarbulo.com\/es\/wp-json\/wp\/v2\/comments?post=232"}],"version-history":[{"count":1,"href":"https:\/\/www.colomerarbulo.com\/es\/wp-json\/wp\/v2\/pages\/232\/revisions"}],"predecessor-version":[{"id":233,"href":"https:\/\/www.colomerarbulo.com\/es\/wp-json\/wp\/v2\/pages\/232\/revisions\/233"}],"wp:attachment":[{"href":"https:\/\/www.colomerarbulo.com\/es\/wp-json\/wp\/v2\/media?parent=232"}],"curies":[{"name":"wp","href":"https:\/\/api.w.org\/{rel}","templated":true}]}}